{"id":121,"date":"2021-09-08T17:11:25","date_gmt":"2021-09-08T15:11:25","guid":{"rendered":"http:\/\/www.diocesi.brescia.it\/mondialita\/?page_id=121"},"modified":"2026-02-19T09:00:57","modified_gmt":"2026-02-19T08:00:57","slug":"cappellanie-etniche","status":"publish","type":"page","link":"https:\/\/www.diocesi.brescia.it\/mondialita\/cappellanie-etniche\/","title":{"rendered":"Cappellanie Etniche"},"content":{"rendered":"<div id=\"pl-121\"  class=\"panel-layout\" ><div id=\"pg-121-0\"  class=\"panel-grid panel-has-style\" ><div class=\"row grid-x panel-row-style panel-row-style-for-121-0\" ><div id=\"pgc-121-0-0\"  class=\"panel-grid-cell cell columns small-12 medium-12\" ><div id=\"panel-121-0-0-0\" class=\"so-panel widget widget_sow-hero panel-first-child\" data-index=\"0\" ><div style=\";background-repeat:repeat;\" class=\"panel-widget-style panel-widget-style-for-121-0-0-0\" ><div\n\t\t\t\n\t\t\tclass=\"so-widget-sow-hero so-widget-sow-hero-default-496878570ff6-121\"\n\t\t\t\n\t\t>\t\t\t\t<div class=\"sow-slider-base\" style=\"display: none\" tabindex=\"0\">\n\t\t\t\t\t<ul\n\t\t\t\t\tclass=\"sow-slider-images\"\n\t\t\t\t\tdata-settings=\"{&quot;pagination&quot;:true,&quot;speed&quot;:800,&quot;timeout&quot;:8000,&quot;paused&quot;:false,&quot;pause_on_hover&quot;:false,&quot;swipe&quot;:true,&quot;nav_always_show_desktop&quot;:true,&quot;nav_always_show_mobile&quot;:true,&quot;breakpoint&quot;:&quot;780px&quot;,&quot;unmute&quot;:false,&quot;anchor&quot;:null}\"\n\t\t\t\t\tstyle=\"min-height: 500px\"\t\t\t\t\tdata-anchor-id=\"\"\n\t\t\t\t>\t\t<li class=\"sow-slider-image  sow-slider-image-cover\" style=\"visibility: visible;;background-color: #333333;background-image: url(https:\/\/www.diocesi.brescia.it\/mondialita\/wp-content\/uploads\/sites\/3\/2024\/07\/cappellani-scaled.jpg)\" >\n\t\t\t\t\t<div class=\"sow-slider-image-container\">\n\t\t\t<div class=\"sow-slider-image-wrapper\">\n\t\t\t\t\t\t\t<\/div>\n\t\t<\/div>\n\t\t\t\t<\/li>\n\t\t\t\t<li class=\"sow-slider-image  sow-slider-image-cover\" style=\"visibility: hidden;;background-color: #333333\" data-background=\"url(https:\/\/www.diocesi.brescia.it\/mondialita\/wp-content\/uploads\/sites\/3\/2023\/09\/GIO2419-scaled.jpg)\" >\n\t\t\t\t\t<div class=\"sow-slider-image-container\">\n\t\t\t<div class=\"sow-slider-image-wrapper\">\n\t\t\t\t\t\t\t<\/div>\n\t\t<\/div>\n\t\t\t\t<\/li>\n\t\t<\/ul>\t\t\t\t<ol class=\"sow-slider-pagination\">\n\t\t\t\t\t\t\t\t\t\t\t<li><a href=\"#\" data-goto=\"0\" aria-label=\"display slide 1\"><\/a><\/li>\n\t\t\t\t\t\t\t\t\t\t\t<li><a href=\"#\" data-goto=\"1\" aria-label=\"display slide 2\"><\/a><\/li>\n\t\t\t\t\t\t\t\t\t<\/ol>\n\n\t\t\t\t<div class=\"sow-slide-nav sow-slide-nav-next\">\n\t\t\t\t\t<a href=\"#\" data-goto=\"next\" aria-label=\"next slide\" data-action=\"next\">\n\t\t\t\t\t\t<em class=\"sow-sld-icon-thin-right\"><\/em>\n\t\t\t\t\t<\/a>\n\t\t\t\t<\/div>\n\n\t\t\t\t<div class=\"sow-slide-nav sow-slide-nav-prev\">\n\t\t\t\t\t<a href=\"#\" data-goto=\"previous\" aria-label=\"previous slide\" data-action=\"prev\">\n\t\t\t\t\t\t<em class=\"sow-sld-icon-thin-left\"><\/em>\n\t\t\t\t\t<\/a>\n\t\t\t\t<\/div>\n\t\t\t\t<\/div><\/div><\/div><\/div><div id=\"panel-121-0-0-1\" class=\"so-panel widget widget_sow-editor panel-last-child\" data-index=\"1\" ><div class=\"descriufficio panel-widget-style panel-widget-style-for-121-0-0-1\" style=\";background-repeat:repeat;\" ><div\n\t\t\t\n\t\t\tclass=\"so-widget-sow-editor so-widget-sow-editor-base\"\n\t\t\t\n\t\t><h3 class=\"widget-title\">CAPPELLANIE ETNICHE<\/h3>\n<div class=\"siteorigin-widget-tinymce textwidget\">\n\t<p>All'interno della cura pastorale nei confronti dei migranti, le Cappellanie Etniche esprimono un\u2019attenzione del tutto particolare e specifica che \u00e8 l\u2019accompagnamento religioso degli stranieri cattolici. Le varie comunit\u00e0 etniche cattoliche presenti sul territorio godono dell\u2019accompagnamento di un cappellano originario del Paese di provenienza. I vari gruppi hanno la possibilit\u00e0 di ritrovarsi, secondo il calendario stabilito, per la celebrazione della Messa in lingua e per la catechesi. \u00c9 un servizio che consente loro di inserirsi nella vita della Diocesi senza perdere le tradizioni e le sensibilit\u00e0 dei loro Paesi di provenienza.<\/p>\n<p>Questo servizio \u00e8 stato, nel passato, coordinato nella nostra diocesi attraverso i Missionari Scalabriniani e dalla Parrocchia della Stocchetta in cui ha sede la\u00a0<em>Missio cum cura animarum <\/em>per i fedeli migranti<em>.\u00a0<\/em>Il Cappellano responsabile opera in collaborazione con il Direttore dell\u2019Area della Pastorale per la Mondialit\u00e0 e con l'Ufficio per i Migranti, in modo che le comunit\u00e0 etniche possano essere sempre pi\u00f9 parte del\u00a0 cammino diocesano.<\/p>\n<p><a  href=\"https:\/\/www.diocesi.brescia.it\/mondialita\/wp-content\/uploads\/sites\/3\/2026\/02\/Celebrazioni-Cappellanie-Etniche-1-scaled.jpg\" data-rel=\"lightbox-gallery-0\" data-rl_title=\"\" data-rl_caption=\"\" title=\"\">Qui \u00e8 possibile scaricare l'orario delle celebrazioni nelle diverse parrocchie della diocesi.<\/a><\/p>\n<\/div>\n<\/div><\/div><\/div><\/div><\/div><\/div><div id=\"pg-121-1\"  class=\"panel-grid panel-has-style\" ><div class=\"row grid-x contattiuff panel-row-style panel-row-style-for-121-1\" ><div id=\"pgc-121-1-0\"  class=\"panel-grid-cell cell columns small-12 medium-6\" ><div id=\"panel-121-1-0-0\" class=\"so-panel widget widget_sow-editor panel-first-child panel-last-child\" data-index=\"2\" ><div style=\";background-repeat:repeat;\" class=\"panel-widget-style panel-widget-style-for-121-1-0-0\" ><div\n\t\t\t\n\t\t\tclass=\"so-widget-sow-editor so-widget-sow-editor-base\"\n\t\t\t\n\t\t><h3 class=\"widget-title\">REFERENTI<\/h3>\n<div class=\"siteorigin-widget-tinymce textwidget\">\n\t<p>Cappellano Responsabile:\u00a0 Don Andrea Zani (Tel. 347.8437134)<\/p>\n<ul>\n<li>Comunit\u00e0 Ucraina - Don Giuliano Skaskiv ( Tel. 320.5306920)<\/li>\n<li>Comunit\u00e0 Ucraina - Don\u00a0 <span id=\"0.7913088889738193\" class=\"currentHitHighlight\">Yarosl<\/span>av Morykot \u00a0( Tel. 380.2687238)<\/li>\n<li>Comunit\u00e0 Africana Anglofona - Don Stephen Akwasi Amoako (Tel. 350.5152898)<\/li>\n<li>Comunit\u00e0 Srilankese - P. Christy Leonard Monarath (Tel. 344.5251639)<\/li>\n<li>Comunit\u00e0 Filippina - Don Arc Ryll Bureres (Tel. 351.6267835)<\/li>\n<li>Comunit\u00e0 Polacca - P. Grzegorz Ryngwelski (Tel. 340.5604863)<\/li>\n<li>Comunit\u00e0 Latino Americana - Don Andrea Marini (Tel. 340.9602299)<\/li>\n<li>Comunit\u00e0 Africana Francofona - P. Girolamo Miante (Tel. 370.1355056)<\/li>\n<\/ul>\n<p>&nbsp;<\/p>\n<ul>\n<li>Rom, Sinti e Spettacolo viaggiante - Don Osvaldo Resconi (Tel. 339.8016127)<\/li>\n<\/ul>\n<p>&nbsp;<\/p>\n<\/div>\n<\/div><\/div><\/div><\/div><div id=\"pgc-121-1-1\"  class=\"panel-grid-cell cell columns small-12 medium-6\" ><div id=\"panel-121-1-1-0\" class=\"so-panel widget widget_sow-editor panel-first-child panel-last-child\" data-index=\"3\" ><div style=\";background-repeat:repeat;\" class=\"panel-widget-style panel-widget-style-for-121-1-1-0\" ><div\n\t\t\t\n\t\t\tclass=\"so-widget-sow-editor so-widget-sow-editor-base\"\n\t\t\t\n\t\t><h3 class=\"widget-title\">CONTATTI<\/h3>\n<div class=\"siteorigin-widget-tinymce textwidget\">\n\t<p>Parrocchia S. Giovanni Battista (Stocchetta)<\/p>\n<p><em>Missio cum cura animarum<\/em> per fedeli migranti<\/p>\n<p>Brescia, Via Triumplina 268<\/p>\n<p>Tel. 030.2003809<\/p>\n<\/div>\n<\/div><\/div><\/div><\/div><\/div><\/div><\/div>","protected":false},"excerpt":{"rendered":"<p>All&#8217;interno della cura pastorale nei confronti dei migranti, le Cappellanie Etniche esprimono un\u2019attenzione del tutto particolare e specifica che \u00e8 l\u2019accompagnamento religioso degli stranieri cattolici. Le varie comunit\u00e0 etniche cattoliche presenti sul territorio godono dell\u2019accompagnamento di un cappellano originario del Paese di provenienza. I vari gruppi hanno la possibilit\u00e0 di ritrovarsi, secondo il calendario stabilito, per la celebrazione della Messa in lingua e per la &hellip; <a href=\"https:\/\/www.diocesi.brescia.it\/mondialita\/cappellanie-etniche\/\" class=\"more-link\">Continua a leggere <span class=\"screen-reader-text\"><\/span> <span class=\"meta-nav\">&raquo;<\/span><\/a><\/p>\n","protected":false},"author":0,"featured_media":1698,"parent":0,"menu_order":0,"comment_status":"closed","ping_status":"closed","template":"","meta":{"_acf_changed":false,"footnotes":""},"acf":[],"yoast_head":"<!-- This site is optimized with the Yoast SEO plugin v22.3 - https:\/\/yoast.com\/wordpress\/plugins\/seo\/ -->\n<title>Cappellanie Etniche - Pastorale per la Mondialit\u00e0<\/title>\n<meta name=\"robots\" content=\"index, follow, max-snippet:-1, max-image-preview:large, max-video-preview:-1\" \/>\n<link rel=\"canonical\" href=\"https:\/\/www.diocesi.brescia.it\/mondialita\/cappellanie-etniche\/\" \/>\n<meta property=\"og:locale\" content=\"it_IT\" \/>\n<meta property=\"og:type\" content=\"article\" \/>\n<meta property=\"og:title\" content=\"Cappellanie Etniche - Pastorale per la Mondialit\u00e0\" \/>\n<meta property=\"og:description\" content=\"All&#039;interno della cura pastorale nei confronti dei migranti, le Cappellanie Etniche esprimono un\u2019attenzione del tutto particolare e specifica che \u00e8 l\u2019accompagnamento religioso degli stranieri cattolici. Le varie comunit\u00e0 etniche cattoliche presenti sul territorio godono dell\u2019accompagnamento di un cappellano originario del Paese di provenienza. I vari gruppi hanno la possibilit\u00e0 di ritrovarsi, secondo il calendario stabilito, per la celebrazione della Messa in lingua e per la &hellip; Continua a leggere &raquo;\" \/>\n<meta property=\"og:url\" content=\"https:\/\/www.diocesi.brescia.it\/mondialita\/cappellanie-etniche\/\" \/>\n<meta property=\"og:site_name\" content=\"Pastorale per la Mondialit\u00e0\" \/>\n<meta property=\"article:modified_time\" content=\"2026-02-19T08:00:57+00:00\" \/>\n<meta property=\"og:image\" content=\"https:\/\/www.diocesi.brescia.it\/mondialita\/wp-content\/uploads\/sites\/3\/2023\/09\/GIO2419-scaled.jpg\" \/>\n\t<meta property=\"og:image:width\" content=\"2560\" \/>\n\t<meta property=\"og:image:height\" content=\"1709\" \/>\n\t<meta property=\"og:image:type\" content=\"image\/jpeg\" \/>\n<meta name=\"twitter:card\" content=\"summary_large_image\" \/>\n<meta name=\"twitter:label1\" content=\"Tempo di lettura stimato\" \/>\n\t<meta name=\"twitter:data1\" content=\"2 minuti\" \/>\n<script type=\"application\/ld+json\" class=\"yoast-schema-graph\">{\"@context\":\"https:\/\/schema.org\",\"@graph\":[{\"@type\":\"WebPage\",\"@id\":\"https:\/\/www.diocesi.brescia.it\/mondialita\/cappellanie-etniche\/\",\"url\":\"https:\/\/www.diocesi.brescia.it\/mondialita\/cappellanie-etniche\/\",\"name\":\"Cappellanie Etniche - Pastorale per la Mondialit\u00e0\",\"isPartOf\":{\"@id\":\"https:\/\/www.diocesi.brescia.it\/mondialita\/#website\"},\"primaryImageOfPage\":{\"@id\":\"https:\/\/www.diocesi.brescia.it\/mondialita\/cappellanie-etniche\/#primaryimage\"},\"image\":{\"@id\":\"https:\/\/www.diocesi.brescia.it\/mondialita\/cappellanie-etniche\/#primaryimage\"},\"thumbnailUrl\":\"https:\/\/www.diocesi.brescia.it\/mondialita\/wp-content\/uploads\/sites\/3\/2023\/09\/GIO2419-scaled.jpg\",\"datePublished\":\"2021-09-08T15:11:25+00:00\",\"dateModified\":\"2026-02-19T08:00:57+00:00\",\"breadcrumb\":{\"@id\":\"https:\/\/www.diocesi.brescia.it\/mondialita\/cappellanie-etniche\/#breadcrumb\"},\"inLanguage\":\"it-IT\",\"potentialAction\":[{\"@type\":\"ReadAction\",\"target\":[\"https:\/\/www.diocesi.brescia.it\/mondialita\/cappellanie-etniche\/\"]}]},{\"@type\":\"ImageObject\",\"inLanguage\":\"it-IT\",\"@id\":\"https:\/\/www.diocesi.brescia.it\/mondialita\/cappellanie-etniche\/#primaryimage\",\"url\":\"https:\/\/www.diocesi.brescia.it\/mondialita\/wp-content\/uploads\/sites\/3\/2023\/09\/GIO2419-scaled.jpg\",\"contentUrl\":\"https:\/\/www.diocesi.brescia.it\/mondialita\/wp-content\/uploads\/sites\/3\/2023\/09\/GIO2419-scaled.jpg\",\"width\":2560,\"height\":1709,\"caption\":\"BRESCIA DUOMO MESSA PER IL RIFUGIATO E IL MIGRANTE CELEBRA IL VESCOVO TREMOLADA PER REDAZIONE CRONACA PROVINCIA WEB 24-09-2023 GIOVANNI BENINI NEW EDEN GROUP\"},{\"@type\":\"BreadcrumbList\",\"@id\":\"https:\/\/www.diocesi.brescia.it\/mondialita\/cappellanie-etniche\/#breadcrumb\",\"itemListElement\":[{\"@type\":\"ListItem\",\"position\":1,\"name\":\"Pastorale per la Mondialit\u00e0\",\"item\":\"https:\/\/www.diocesi.brescia.it\/mondialita\/\"},{\"@type\":\"ListItem\",\"position\":2,\"name\":\"Cappellanie Etniche\"}]},{\"@type\":\"WebSite\",\"@id\":\"https:\/\/www.diocesi.brescia.it\/mondialita\/#website\",\"url\":\"https:\/\/www.diocesi.brescia.it\/mondialita\/\",\"name\":\"Pastorale per la Mondialit\u00e0\",\"description\":\"\",\"publisher\":{\"@id\":\"https:\/\/www.diocesi.brescia.it\/mondialita\/#organization\"},\"potentialAction\":[{\"@type\":\"SearchAction\",\"target\":{\"@type\":\"EntryPoint\",\"urlTemplate\":\"https:\/\/www.diocesi.brescia.it\/mondialita\/?s={search_term_string}\"},\"query-input\":\"required name=search_term_string\"}],\"inLanguage\":\"it-IT\"},{\"@type\":\"Organization\",\"@id\":\"https:\/\/www.diocesi.brescia.it\/mondialita\/#organization\",\"name\":\"Pastorale per la Mondialit\u00e0\",\"url\":\"https:\/\/www.diocesi.brescia.it\/mondialita\/\",\"logo\":{\"@type\":\"ImageObject\",\"inLanguage\":\"it-IT\",\"@id\":\"https:\/\/www.diocesi.brescia.it\/mondialita\/#\/schema\/logo\/image\/\",\"url\":\"https:\/\/www.diocesi.brescia.it\/mondialita\/wp-content\/uploads\/sites\/3\/2025\/09\/cropped-logo-1-mondialita-HEADER.jpg\",\"contentUrl\":\"https:\/\/www.diocesi.brescia.it\/mondialita\/wp-content\/uploads\/sites\/3\/2025\/09\/cropped-logo-1-mondialita-HEADER.jpg\",\"width\":567,\"height\":120,\"caption\":\"Pastorale per la Mondialit\u00e0\"},\"image\":{\"@id\":\"https:\/\/www.diocesi.brescia.it\/mondialita\/#\/schema\/logo\/image\/\"}}]}<\/script>\n<!-- \/ Yoast SEO plugin. -->","yoast_head_json":{"title":"Cappellanie Etniche - Pastorale per la Mondialit\u00e0","robots":{"index":"index","follow":"follow","max-snippet":"max-snippet:-1","max-image-preview":"max-image-preview:large","max-video-preview":"max-video-preview:-1"},"canonical":"https:\/\/www.diocesi.brescia.it\/mondialita\/cappellanie-etniche\/","og_locale":"it_IT","og_type":"article","og_title":"Cappellanie Etniche - Pastorale per la Mondialit\u00e0","og_description":"All'interno della cura pastorale nei confronti dei migranti, le Cappellanie Etniche esprimono un\u2019attenzione del tutto particolare e specifica che \u00e8 l\u2019accompagnamento religioso degli stranieri cattolici. Le varie comunit\u00e0 etniche cattoliche presenti sul territorio godono dell\u2019accompagnamento di un cappellano originario del Paese di provenienza. I vari gruppi hanno la possibilit\u00e0 di ritrovarsi, secondo il calendario stabilito, per la celebrazione della Messa in lingua e per la &hellip; Continua a leggere &raquo;","og_url":"https:\/\/www.diocesi.brescia.it\/mondialita\/cappellanie-etniche\/","og_site_name":"Pastorale per la Mondialit\u00e0","article_modified_time":"2026-02-19T08:00:57+00:00","og_image":[{"width":2560,"height":1709,"url":"https:\/\/www.diocesi.brescia.it\/mondialita\/wp-content\/uploads\/sites\/3\/2023\/09\/GIO2419-scaled.jpg","type":"image\/jpeg"}],"twitter_card":"summary_large_image","twitter_misc":{"Tempo di lettura stimato":"2 minuti"},"schema":{"@context":"https:\/\/schema.org","@graph":[{"@type":"WebPage","@id":"https:\/\/www.diocesi.brescia.it\/mondialita\/cappellanie-etniche\/","url":"https:\/\/www.diocesi.brescia.it\/mondialita\/cappellanie-etniche\/","name":"Cappellanie Etniche - Pastorale per la Mondialit\u00e0","isPartOf":{"@id":"https:\/\/www.diocesi.brescia.it\/mondialita\/#website"},"primaryImageOfPage":{"@id":"https:\/\/www.diocesi.brescia.it\/mondialita\/cappellanie-etniche\/#primaryimage"},"image":{"@id":"https:\/\/www.diocesi.brescia.it\/mondialita\/cappellanie-etniche\/#primaryimage"},"thumbnailUrl":"https:\/\/www.diocesi.brescia.it\/mondialita\/wp-content\/uploads\/sites\/3\/2023\/09\/GIO2419-scaled.jpg","datePublished":"2021-09-08T15:11:25+00:00","dateModified":"2026-02-19T08:00:57+00:00","breadcrumb":{"@id":"https:\/\/www.diocesi.brescia.it\/mondialita\/cappellanie-etniche\/#breadcrumb"},"inLanguage":"it-IT","potentialAction":[{"@type":"ReadAction","target":["https:\/\/www.diocesi.brescia.it\/mondialita\/cappellanie-etniche\/"]}]},{"@type":"ImageObject","inLanguage":"it-IT","@id":"https:\/\/www.diocesi.brescia.it\/mondialita\/cappellanie-etniche\/#primaryimage","url":"https:\/\/www.diocesi.brescia.it\/mondialita\/wp-content\/uploads\/sites\/3\/2023\/09\/GIO2419-scaled.jpg","contentUrl":"https:\/\/www.diocesi.brescia.it\/mondialita\/wp-content\/uploads\/sites\/3\/2023\/09\/GIO2419-scaled.jpg","width":2560,"height":1709,"caption":"BRESCIA DUOMO MESSA PER IL RIFUGIATO E IL MIGRANTE CELEBRA IL VESCOVO TREMOLADA PER REDAZIONE CRONACA PROVINCIA WEB 24-09-2023 GIOVANNI BENINI NEW EDEN GROUP"},{"@type":"BreadcrumbList","@id":"https:\/\/www.diocesi.brescia.it\/mondialita\/cappellanie-etniche\/#breadcrumb","itemListElement":[{"@type":"ListItem","position":1,"name":"Pastorale per la Mondialit\u00e0","item":"https:\/\/www.diocesi.brescia.it\/mondialita\/"},{"@type":"ListItem","position":2,"name":"Cappellanie Etniche"}]},{"@type":"WebSite","@id":"https:\/\/www.diocesi.brescia.it\/mondialita\/#website","url":"https:\/\/www.diocesi.brescia.it\/mondialita\/","name":"Pastorale per la Mondialit\u00e0","description":"","publisher":{"@id":"https:\/\/www.diocesi.brescia.it\/mondialita\/#organization"},"potentialAction":[{"@type":"SearchAction","target":{"@type":"EntryPoint","urlTemplate":"https:\/\/www.diocesi.brescia.it\/mondialita\/?s={search_term_string}"},"query-input":"required name=search_term_string"}],"inLanguage":"it-IT"},{"@type":"Organization","@id":"https:\/\/www.diocesi.brescia.it\/mondialita\/#organization","name":"Pastorale per la Mondialit\u00e0","url":"https:\/\/www.diocesi.brescia.it\/mondialita\/","logo":{"@type":"ImageObject","inLanguage":"it-IT","@id":"https:\/\/www.diocesi.brescia.it\/mondialita\/#\/schema\/logo\/image\/","url":"https:\/\/www.diocesi.brescia.it\/mondialita\/wp-content\/uploads\/sites\/3\/2025\/09\/cropped-logo-1-mondialita-HEADER.jpg","contentUrl":"https:\/\/www.diocesi.brescia.it\/mondialita\/wp-content\/uploads\/sites\/3\/2025\/09\/cropped-logo-1-mondialita-HEADER.jpg","width":567,"height":120,"caption":"Pastorale per la Mondialit\u00e0"},"image":{"@id":"https:\/\/www.diocesi.brescia.it\/mondialita\/#\/schema\/logo\/image\/"}}]}},"_links":{"self":[{"href":"https:\/\/www.diocesi.brescia.it\/mondialita\/wp-json\/wp\/v2\/pages\/121"}],"collection":[{"href":"https:\/\/www.diocesi.brescia.it\/mondialita\/wp-json\/wp\/v2\/pages"}],"about":[{"href":"https:\/\/www.diocesi.brescia.it\/mondialita\/wp-json\/wp\/v2\/types\/page"}],"author":[{"embeddable":true,"href":"https:\/\/www.diocesi.brescia.it\/mondialita\/wp-json\/wp\/v2\/users\/4"}],"replies":[{"embeddable":true,"href":"https:\/\/www.diocesi.brescia.it\/mondialita\/wp-json\/wp\/v2\/comments?post=121"}],"version-history":[{"count":31,"href":"https:\/\/www.diocesi.brescia.it\/mondialita\/wp-json\/wp\/v2\/pages\/121\/revisions"}],"predecessor-version":[{"id":3355,"href":"https:\/\/www.diocesi.brescia.it\/mondialita\/wp-json\/wp\/v2\/pages\/121\/revisions\/3355"}],"wp:featuredmedia":[{"embeddable":true,"href":"https:\/\/www.diocesi.brescia.it\/mondialita\/wp-json\/wp\/v2\/media\/1698"}],"wp:attachment":[{"href":"https:\/\/www.diocesi.brescia.it\/mondialita\/wp-json\/wp\/v2\/media?parent=121"}],"curies":[{"name":"wp","href":"https:\/\/api.w.org\/{rel}","templated":true}]}}