{"id":3957,"date":"2024-11-19T09:41:59","date_gmt":"2024-11-19T08:41:59","guid":{"rendered":"https:\/\/www.diocesi.brescia.it\/persona\/?page_id=3957"},"modified":"2025-10-23T17:34:38","modified_gmt":"2025-10-23T15:34:38","slug":"addetti-al-culto-e-sacristi","status":"publish","type":"page","link":"https:\/\/www.diocesi.brescia.it\/persona\/liturgia\/addetti-al-culto-e-sacristi\/","title":{"rendered":"Addetti al culto e sacristi"},"content":{"rendered":"<div id=\"pl-3957\"  class=\"panel-layout\" ><div id=\"pg-3957-0\"  class=\"panel-grid panel-has-style\" ><div class=\"row grid-x boxdocuff panel-row-style panel-row-style-for-3957-0\" ><div id=\"pgc-3957-0-0\"  class=\"panel-grid-cell cell columns small-12 medium-12\" ><div id=\"panel-3957-0-0-0\" class=\"so-panel widget widget_sow-editor panel-first-child panel-last-child\" data-index=\"0\" ><div style=\";background-repeat:repeat;\" class=\"panel-widget-style panel-widget-style-for-3957-0-0-0\" ><div\n\t\t\t\n\t\t\tclass=\"so-widget-sow-editor so-widget-sow-editor-base\"\n\t\t\t\n\t\t><h3 class=\"widget-title\">Addetti al culto e sacristi<\/h3>\n<div class=\"siteorigin-widget-tinymce textwidget\">\n\t<h5><em>Unione Diocesana S. Costanzo, per sacristi e addetti al culto<\/em><\/h5>\n<p>L\u2019Unione fa capo all\u2019Ufficio diocesano per la Liturgia e ha sede presso l\u2019omonimo Ufficio nella Curia di Brescia; aderisce alla Federazione Italiana delle Unioni Diocesane Addetti al culto e Sacristi (F.I.U.D.A.C.S), secondo quanto previsto dallo Statuto della Federazione stessa, eretta Associazione privata di Fedeli e riconosciuta dalla C.E.I. <a href=\"https:\/\/www.diocesi.brescia.it\/persona\/?attachment_id=3959\" rel=\"attachment wp-att-3959\">Consulta il regolamento dell'Unione Diocesana S. Costanzo.<\/a><\/p>\n<p>Invitiamo tutti i parroci a prendere in considerazione questa Associazione per la formazione spirituale e liturgica dei loro sacristi sia assunti che volontari ed a favorire la loro presenza agli incontri diocesani.<\/p>\n<p>Questa realt\u00e0 voluta dal Vescovo Mons. Luigi Morstabilini nel 1966 ed incoraggiata dal Vescovo Pierantonio, continua ad avere come finalit\u00e0 quella di associare le persone che prestano servizio nelle chiese della diocesi di Brescia, di provvedere a formare nei soci il senso di dignit\u00e0 e di responsabilit\u00e0, tipico dei collaboratori nell\u2019esercizio del Culto, nella custodia del Tempio e mantenendo i contatti con l\u2019Ufficio liturgico diocesano per quanto di sua competenza. (V. Regolamento Diocesano).<\/p>\n<p>CONSIGLIO DIOCESANO DEI SACRISTI:<\/p>\n<ul>\n<li><a href=\"https:\/\/www.diocesi.brescia.it\/wd-annuario-persone\/pierantonio-bodini-707\/\">Don Pierantonio Bodini<\/a>, <em>Assistente Ecclesiastico<\/em><\/li>\n<li>Giuseppe Sinopoli, <em>Presidente<\/em><\/li>\n<li>Enio Savoldi, <em>Vice presidente<\/em><\/li>\n<li>Pierluigi Croxatto, <em>Segretario<\/em><\/li>\n<li>Sergio Crescini, <em>Economo<\/em><\/li>\n<li>Giulio Bazzani, <em>Consigliere<\/em><\/li>\n<li>Giovanni Apostoli, <em>Consigliere<\/em><\/li>\n<li>Pierino Del Barba,<em> Consigliere<\/em><\/li>\n<\/ul>\n<\/div>\n<\/div><\/div><\/div><\/div><\/div><\/div><div id=\"pg-3957-1\"  class=\"panel-grid panel-has-style\" ><div class=\"row grid-x boxdocuff panel-row-style panel-row-style-for-3957-1\" ><div id=\"pgc-3957-1-0\"  class=\"panel-grid-cell cell columns small-12 medium-12\" ><div id=\"panel-3957-1-0-0\" class=\"so-panel widget widget_sow-button panel-first-child panel-last-child\" data-index=\"1\" ><div style=\";background-repeat:repeat;\" class=\"panel-widget-style panel-widget-style-for-3957-1-0-0\" ><div\n\t\t\t\n\t\t\tclass=\"so-widget-sow-button so-widget-sow-button-flat-198eedc54107-3957\"\n\t\t\t\n\t\t><div class=\"ow-button-base ow-button-align-center\">\n\t<a\n\thref=\"https:\/\/www.sacristi.it\/rivista-servire-s\/#page-content\"\n\t\tclass=\"ow-icon-placement-left\" target=\"_blank\" rel=\"noopener noreferrer\" \t>\n\t\t<span>\n\t\t\t\n\t\t\tLEGGI LA RIVISTA SERVIRE\/S\t\t<\/span>\n\t<\/a>\n<\/div>\n<\/div><\/div><\/div><\/div><\/div><\/div><div id=\"pg-3957-2\"  class=\"panel-grid panel-has-style\" ><div class=\"row grid-x boxdocuff panel-row-style panel-row-style-for-3957-2\" ><div id=\"pgc-3957-2-0\"  class=\"panel-grid-cell cell columns small-12 medium-12\" ><div id=\"panel-3957-2-0-0\" class=\"so-panel widget widget_seed-so-widget-all-in-one-lite panel-first-child panel-last-child\" data-index=\"2\" ><div style=\";background-repeat:repeat;\" id=\"evidenza\" class=\"panel-widget-style panel-widget-style-for-3957-2-0-0\" ><div\n\t\t\t\n\t\t\tclass=\"so-widget-seed-so-widget-all-in-one-lite so-widget-seed-so-widget-all-in-one-lite-default-d75171398898-3957\"\n\t\t\t\n\t\t><div class=\"box single-item\" id=\"slideuno\">                             <div class=\"slick-slide grid-x\">\n<div class=\"evidecontent cell medium-4 small-12\">\n<h1 class=\"entry-title\"><a href=\"https:\/\/www.diocesi.brescia.it\/persona\/periodico-di-informazione-e-formazione-1-2026\/\">Periodico di informazione e formazione (1\/2026)<\/a><\/h1>\n<h2 class=\"sottotitolo\"><a href=\"https:\/\/www.diocesi.brescia.it\/persona\/periodico-di-informazione-e-formazione-1-2026\/\">Unione diocesana S. Costanzo, per sacristi e addetti al culto Diocesi di Brescia<\/a><\/h2>\n<p class=\"summary\">Santa Pasqua 2026. Carissimi, celebrare la Pasqua significa vivere il cuore del mistero cristiano. Significa, come ci ricorda l\u2019inno dell\u2019Exultet, il passaggio dalla morte alla vita: questa \u00e8 la notte in cui Cristo, spezzando i vincoli della morte, risorge vincitore dal sepolcro. Auguriamo al nostro Vescovo Pierantonio, a tutti i&hellip; <a href=\"https:\/\/www.diocesi.brescia.it\/persona\/periodico-di-informazione-e-formazione-1-2026\/\" class=\"read-more\">Leggi di pi\u00f9<\/a><\/p>\n<\/div>\n<div class=\"miniatura cell medium-8 small-12\"><a href=\"https:\/\/www.diocesi.brescia.it\/persona\/periodico-di-informazione-e-formazione-1-2026\/\"><img decoding=\"async\" src=\"https:\/\/www.diocesi.brescia.it\/persona\/wp-content\/uploads\/sites\/5\/2026\/03\/Messa-in-cena-domini-1024x681.jpg\" \/><\/a><\/div>\n<\/div>\n\n                                                       <div class=\"slick-slide grid-x\">\n<div class=\"evidecontent cell medium-4 small-12\">\n<h1 class=\"entry-title\"><a href=\"https:\/\/www.diocesi.brescia.it\/persona\/sacristi-e-addetti-al-culto-diocesi-di-brescia\/\">Sacristi e addetti al culto Diocesi di Brescia<\/a><\/h1>\n<h2 class=\"sottotitolo\"><a href=\"https:\/\/www.diocesi.brescia.it\/persona\/sacristi-e-addetti-al-culto-diocesi-di-brescia\/\"><\/a><\/h2>\n<p class=\"summary\">Periodico di informazione e formazione. L\u2019Unione Diocesana S. Costanzo, con questa prima pubblicazione, desidera creare un collegamento con tutti i sacristi \u2013 volontari e assunti \u2013 della Diocesi, oltre che con i Sacerdoti. L\u2019occasione \u00e8 data dai 60 anni (1966-2026) trascorsi dall\u2019Istituzione dell\u2019Associazione da parte del Vescovo, S.E. Mons. <a href=\"https:\/\/www.diocesi.brescia.it\/persona\/sacristi-e-addetti-al-culto-diocesi-di-brescia\/\" class=\"read-more\">Leggi di pi\u00f9<\/a><\/p>\n<\/div>\n<div class=\"miniatura cell medium-8 small-12\"><a href=\"https:\/\/www.diocesi.brescia.it\/persona\/sacristi-e-addetti-al-culto-diocesi-di-brescia\/\"><img decoding=\"async\" src=\"https:\/\/www.diocesi.brescia.it\/persona\/wp-content\/uploads\/sites\/5\/2025\/12\/Natale-sacristi-2025-1024x683.jpg\" \/><\/a><\/div>\n<\/div>\n\n                                                       <div class=\"slick-slide grid-x\">\n<div class=\"evidecontent cell medium-4 small-12\">\n<h1 class=\"entry-title\"><a href=\"https:\/\/www.diocesi.brescia.it\/persona\/pellegrinaggio-a-sotto-il-monte\/\">Pellegrinaggio a Sotto il Monte<\/a><\/h1>\n<h2 class=\"sottotitolo\"><a href=\"https:\/\/www.diocesi.brescia.it\/persona\/pellegrinaggio-a-sotto-il-monte\/\"><\/a><\/h2>\n<p class=\"summary\">Marted\u00ec 18 marzo 2025 presso il Centro Pastorale Paolo VI si \u00e8 vissuto il ritiro spirituale con alcuni membri dell\u2019Unione Diocesana S. Costanzo, con il Presidente Giuseppe Sinopoli e un gruppo di sacristi della nostra Diocesi. Tema dell\u2019Incontro: il dono dell\u2019indulgenza giubilare, relatore l\u2019Assistente ecclesiastico diocesano don Pierantonio Bodini. \u00c8&hellip; <a href=\"https:\/\/www.diocesi.brescia.it\/persona\/pellegrinaggio-a-sotto-il-monte\/\" class=\"read-more\">Leggi di pi\u00f9<\/a><\/p>\n<\/div>\n<div class=\"miniatura cell medium-8 small-12\"><a href=\"https:\/\/www.diocesi.brescia.it\/persona\/pellegrinaggio-a-sotto-il-monte\/\"><img decoding=\"async\" src=\"https:\/\/www.diocesi.brescia.it\/persona\/wp-content\/uploads\/sites\/5\/2025\/03\/Pellegrinaggio-Sotto-il-Monte-722x1024.jpeg\" \/><\/a><\/div>\n<\/div>\n\n                                                       <div class=\"slick-slide grid-x\">\n<div class=\"evidecontent cell medium-4 small-12\">\n<h1 class=\"entry-title\"><a href=\"https:\/\/www.diocesi.brescia.it\/persona\/ritiro-spirituale-sacristi-e-addetti-al-culto\/\">Ritiro spirituale sacristi e addetti al culto<\/a><\/h1>\n<h2 class=\"sottotitolo\"><a href=\"https:\/\/www.diocesi.brescia.it\/persona\/ritiro-spirituale-sacristi-e-addetti-al-culto\/\"><\/a><\/h2>\n<p class=\"summary\">Marted\u00ec 18 marzo, dalle 9 al Centro pastorale Paolo VI, \u00e8 in programma il ritiro spirituale per i sacristi e gli addetti al culto. La meditazione \u00e8 a cura di don Pierantonio Bodini. Alle 11.30 viene celebrata la Santa Messa. La mattinata \u00e8 promossa dall&#8217;Unione Diocesana San Costanzo di Brescia&hellip; <a href=\"https:\/\/www.diocesi.brescia.it\/persona\/ritiro-spirituale-sacristi-e-addetti-al-culto\/\" class=\"read-more\">Leggi di pi\u00f9<\/a><\/p>\n<\/div>\n<div class=\"miniatura cell medium-8 small-12\"><a href=\"https:\/\/www.diocesi.brescia.it\/persona\/ritiro-spirituale-sacristi-e-addetti-al-culto\/\"><img decoding=\"async\" src=\"https:\/\/www.diocesi.brescia.it\/persona\/wp-content\/uploads\/sites\/5\/2024\/11\/Sacrestia-1024x768.jpg\" \/><\/a><\/div>\n<\/div>\n\n                           <\/div><\/div><\/div><\/div><\/div><\/div><\/div><\/div><hr class=\"wpba_attachment_hr\"><div id='wpba_attachment_list' class='wpba wpba-wrap'>\n<ul class='wpba-attachment-list unstyled'><li id='wpba_attachment_list_3985' class='wpba-list-item pull-left'><img src='https:\/\/www.diocesi.brescia.it\/persona\/wp-content\/themes\/wp-starter-so\/icons\/landscape.png' width='16' height='20' class='wpba-icon pull-left'><a href='https:\/\/www.diocesi.brescia.it\/persona\/wp-content\/uploads\/sites\/5\/2024\/11\/Ritiro-Sacristi-dicembre-2024.jpg' title='Ritiro Sacristi dicembre 2024' class='wpba-link pull-left' target=\"_blank\">Ritiro Sacristi dicembre 2024<\/a><\/li>\n<\/ul><\/div>\n","protected":false},"excerpt":{"rendered":"<p>Addetti al culto e sacristi Unione Diocesana S. Costanzo, per sacristi e addetti al culto L\u2019Unione fa capo all\u2019Ufficio diocesano per la Liturgia e ha sede presso l\u2019omonimo Ufficio nella Curia di Brescia; aderisce alla Federazione Italiana delle Unioni Diocesane Addetti al culto e Sacristi (F.I.U.D.A.C.S), secondo quanto previsto dallo Statuto della Federazione stessa, eretta Associazione privata di Fedeli e riconosciuta dalla C.E.I. Consulta il &hellip; <a href=\"https:\/\/www.diocesi.brescia.it\/persona\/ritiro-spirituale-sacristi-e-addetti-al-culto\/\" class=\"more-link\">Continua a leggere <span class=\"screen-reader-text\"><\/span> <span class=\"meta-nav\">&raquo;<\/span><\/a><\/p>\n","protected":false},"author":0,"featured_media":0,"parent":44,"menu_order":0,"comment_status":"closed","ping_status":"closed","template":"","meta":{"_acf_changed":false,"footnotes":""},"acf":[],"yoast_head":"<!-- This site is optimized with the Yoast SEO plugin v22.3 - https:\/\/yoast.com\/wordpress\/plugins\/seo\/ -->\n<title>Addetti al culto e sacristi - Pastorale per la crescita della persona<\/title>\n<meta name=\"robots\" content=\"index, follow, max-snippet:-1, max-image-preview:large, max-video-preview:-1\" \/>\n<link rel=\"canonical\" href=\"https:\/\/www.diocesi.brescia.it\/persona\/liturgia\/addetti-al-culto-e-sacristi\/\" \/>\n<meta property=\"og:locale\" content=\"it_IT\" \/>\n<meta property=\"og:type\" content=\"article\" \/>\n<meta property=\"og:title\" content=\"Addetti al culto e sacristi - Pastorale per la crescita della persona\" \/>\n<meta property=\"og:description\" content=\"Addetti al culto e sacristi Unione Diocesana S. Costanzo, per sacristi e addetti al culto L\u2019Unione fa capo all\u2019Ufficio diocesano per la Liturgia e ha sede presso l\u2019omonimo Ufficio nella Curia di Brescia; aderisce alla Federazione Italiana delle Unioni Diocesane Addetti al culto e Sacristi (F.I.U.D.A.C.S), secondo quanto previsto dallo Statuto della Federazione stessa, eretta Associazione privata di Fedeli e riconosciuta dalla C.E.I. Consulta il &hellip; Continua a leggere &raquo;\" \/>\n<meta property=\"og:url\" content=\"https:\/\/www.diocesi.brescia.it\/persona\/liturgia\/addetti-al-culto-e-sacristi\/\" \/>\n<meta property=\"og:site_name\" content=\"Pastorale per la crescita della persona\" \/>\n<meta property=\"article:modified_time\" content=\"2025-10-23T15:34:38+00:00\" \/>\n<meta name=\"twitter:card\" content=\"summary_large_image\" \/>\n<meta name=\"twitter:label1\" content=\"Tempo di lettura stimato\" \/>\n\t<meta name=\"twitter:data1\" content=\"3 minuti\" \/>\n<script type=\"application\/ld+json\" class=\"yoast-schema-graph\">{\"@context\":\"https:\/\/schema.org\",\"@graph\":[{\"@type\":\"WebPage\",\"@id\":\"https:\/\/www.diocesi.brescia.it\/persona\/liturgia\/addetti-al-culto-e-sacristi\/\",\"url\":\"https:\/\/www.diocesi.brescia.it\/persona\/liturgia\/addetti-al-culto-e-sacristi\/\",\"name\":\"Addetti al culto e sacristi - Pastorale per la crescita della persona\",\"isPartOf\":{\"@id\":\"https:\/\/www.diocesi.brescia.it\/persona\/#website\"},\"datePublished\":\"2024-11-19T08:41:59+00:00\",\"dateModified\":\"2025-10-23T15:34:38+00:00\",\"breadcrumb\":{\"@id\":\"https:\/\/www.diocesi.brescia.it\/persona\/liturgia\/addetti-al-culto-e-sacristi\/#breadcrumb\"},\"inLanguage\":\"it-IT\",\"potentialAction\":[{\"@type\":\"ReadAction\",\"target\":[\"https:\/\/www.diocesi.brescia.it\/persona\/liturgia\/addetti-al-culto-e-sacristi\/\"]}]},{\"@type\":\"BreadcrumbList\",\"@id\":\"https:\/\/www.diocesi.brescia.it\/persona\/liturgia\/addetti-al-culto-e-sacristi\/#breadcrumb\",\"itemListElement\":[{\"@type\":\"ListItem\",\"position\":1,\"name\":\"Pastorale per la crescita della Persona\",\"item\":\"https:\/\/www.diocesi.brescia.it\/persona\/\"},{\"@type\":\"ListItem\",\"position\":2,\"name\":\"Ufficio per la Liturgia\",\"item\":\"https:\/\/www.diocesi.brescia.it\/persona\/liturgia\/\"},{\"@type\":\"ListItem\",\"position\":3,\"name\":\"Addetti al culto e sacristi\"}]},{\"@type\":\"WebSite\",\"@id\":\"https:\/\/www.diocesi.brescia.it\/persona\/#website\",\"url\":\"https:\/\/www.diocesi.brescia.it\/persona\/\",\"name\":\"Pastorale per la crescita della persona\",\"description\":\"\",\"publisher\":{\"@id\":\"https:\/\/www.diocesi.brescia.it\/persona\/#organization\"},\"potentialAction\":[{\"@type\":\"SearchAction\",\"target\":{\"@type\":\"EntryPoint\",\"urlTemplate\":\"https:\/\/www.diocesi.brescia.it\/persona\/?s={search_term_string}\"},\"query-input\":\"required name=search_term_string\"}],\"inLanguage\":\"it-IT\"},{\"@type\":\"Organization\",\"@id\":\"https:\/\/www.diocesi.brescia.it\/persona\/#organization\",\"name\":\"Pastorale per la crescita della persona\",\"url\":\"https:\/\/www.diocesi.brescia.it\/persona\/\",\"logo\":{\"@type\":\"ImageObject\",\"inLanguage\":\"it-IT\",\"@id\":\"https:\/\/www.diocesi.brescia.it\/persona\/#\/schema\/logo\/image\/\",\"url\":\"https:\/\/www.diocesi.brescia.it\/persona\/wp-content\/uploads\/sites\/5\/2025\/09\/cropped-logo-1-persona-HEADER.jpg\",\"contentUrl\":\"https:\/\/www.diocesi.brescia.it\/persona\/wp-content\/uploads\/sites\/5\/2025\/09\/cropped-logo-1-persona-HEADER.jpg\",\"width\":516,\"height\":120,\"caption\":\"Pastorale per la crescita della persona\"},\"image\":{\"@id\":\"https:\/\/www.diocesi.brescia.it\/persona\/#\/schema\/logo\/image\/\"}}]}<\/script>\n<!-- \/ Yoast SEO plugin. -->","yoast_head_json":{"title":"Addetti al culto e sacristi - Pastorale per la crescita della persona","robots":{"index":"index","follow":"follow","max-snippet":"max-snippet:-1","max-image-preview":"max-image-preview:large","max-video-preview":"max-video-preview:-1"},"canonical":"https:\/\/www.diocesi.brescia.it\/persona\/liturgia\/addetti-al-culto-e-sacristi\/","og_locale":"it_IT","og_type":"article","og_title":"Addetti al culto e sacristi - Pastorale per la crescita della persona","og_description":"Addetti al culto e sacristi Unione Diocesana S. Costanzo, per sacristi e addetti al culto L\u2019Unione fa capo all\u2019Ufficio diocesano per la Liturgia e ha sede presso l\u2019omonimo Ufficio nella Curia di Brescia; aderisce alla Federazione Italiana delle Unioni Diocesane Addetti al culto e Sacristi (F.I.U.D.A.C.S), secondo quanto previsto dallo Statuto della Federazione stessa, eretta Associazione privata di Fedeli e riconosciuta dalla C.E.I. Consulta il &hellip; Continua a leggere &raquo;","og_url":"https:\/\/www.diocesi.brescia.it\/persona\/liturgia\/addetti-al-culto-e-sacristi\/","og_site_name":"Pastorale per la crescita della persona","article_modified_time":"2025-10-23T15:34:38+00:00","twitter_card":"summary_large_image","twitter_misc":{"Tempo di lettura stimato":"3 minuti"},"schema":{"@context":"https:\/\/schema.org","@graph":[{"@type":"WebPage","@id":"https:\/\/www.diocesi.brescia.it\/persona\/liturgia\/addetti-al-culto-e-sacristi\/","url":"https:\/\/www.diocesi.brescia.it\/persona\/liturgia\/addetti-al-culto-e-sacristi\/","name":"Addetti al culto e sacristi - Pastorale per la crescita della persona","isPartOf":{"@id":"https:\/\/www.diocesi.brescia.it\/persona\/#website"},"datePublished":"2024-11-19T08:41:59+00:00","dateModified":"2025-10-23T15:34:38+00:00","breadcrumb":{"@id":"https:\/\/www.diocesi.brescia.it\/persona\/liturgia\/addetti-al-culto-e-sacristi\/#breadcrumb"},"inLanguage":"it-IT","potentialAction":[{"@type":"ReadAction","target":["https:\/\/www.diocesi.brescia.it\/persona\/liturgia\/addetti-al-culto-e-sacristi\/"]}]},{"@type":"BreadcrumbList","@id":"https:\/\/www.diocesi.brescia.it\/persona\/liturgia\/addetti-al-culto-e-sacristi\/#breadcrumb","itemListElement":[{"@type":"ListItem","position":1,"name":"Pastorale per la crescita della Persona","item":"https:\/\/www.diocesi.brescia.it\/persona\/"},{"@type":"ListItem","position":2,"name":"Ufficio per la Liturgia","item":"https:\/\/www.diocesi.brescia.it\/persona\/liturgia\/"},{"@type":"ListItem","position":3,"name":"Addetti al culto e sacristi"}]},{"@type":"WebSite","@id":"https:\/\/www.diocesi.brescia.it\/persona\/#website","url":"https:\/\/www.diocesi.brescia.it\/persona\/","name":"Pastorale per la crescita della persona","description":"","publisher":{"@id":"https:\/\/www.diocesi.brescia.it\/persona\/#organization"},"potentialAction":[{"@type":"SearchAction","target":{"@type":"EntryPoint","urlTemplate":"https:\/\/www.diocesi.brescia.it\/persona\/?s={search_term_string}"},"query-input":"required name=search_term_string"}],"inLanguage":"it-IT"},{"@type":"Organization","@id":"https:\/\/www.diocesi.brescia.it\/persona\/#organization","name":"Pastorale per la crescita della persona","url":"https:\/\/www.diocesi.brescia.it\/persona\/","logo":{"@type":"ImageObject","inLanguage":"it-IT","@id":"https:\/\/www.diocesi.brescia.it\/persona\/#\/schema\/logo\/image\/","url":"https:\/\/www.diocesi.brescia.it\/persona\/wp-content\/uploads\/sites\/5\/2025\/09\/cropped-logo-1-persona-HEADER.jpg","contentUrl":"https:\/\/www.diocesi.brescia.it\/persona\/wp-content\/uploads\/sites\/5\/2025\/09\/cropped-logo-1-persona-HEADER.jpg","width":516,"height":120,"caption":"Pastorale per la crescita della persona"},"image":{"@id":"https:\/\/www.diocesi.brescia.it\/persona\/#\/schema\/logo\/image\/"}}]}},"_links":{"self":[{"href":"https:\/\/www.diocesi.brescia.it\/persona\/wp-json\/wp\/v2\/pages\/3957"}],"collection":[{"href":"https:\/\/www.diocesi.brescia.it\/persona\/wp-json\/wp\/v2\/pages"}],"about":[{"href":"https:\/\/www.diocesi.brescia.it\/persona\/wp-json\/wp\/v2\/types\/page"}],"author":[{"embeddable":true,"href":"https:\/\/www.diocesi.brescia.it\/persona\/wp-json\/wp\/v2\/users\/5"}],"replies":[{"embeddable":true,"href":"https:\/\/www.diocesi.brescia.it\/persona\/wp-json\/wp\/v2\/comments?post=3957"}],"version-history":[{"count":15,"href":"https:\/\/www.diocesi.brescia.it\/persona\/wp-json\/wp\/v2\/pages\/3957\/revisions"}],"predecessor-version":[{"id":4609,"href":"https:\/\/www.diocesi.brescia.it\/persona\/wp-json\/wp\/v2\/pages\/3957\/revisions\/4609"}],"up":[{"embeddable":true,"href":"https:\/\/www.diocesi.brescia.it\/persona\/wp-json\/wp\/v2\/pages\/44"}],"wp:attachment":[{"href":"https:\/\/www.diocesi.brescia.it\/persona\/wp-json\/wp\/v2\/media?parent=3957"}],"curies":[{"name":"wp","href":"https:\/\/api.w.org\/{rel}","templated":true}]}}