{"id":423,"date":"2021-09-27T09:48:33","date_gmt":"2021-09-27T07:48:33","guid":{"rendered":"http:\/\/www.diocesi.brescia.it\/societa\/?page_id=423"},"modified":"2022-01-25T12:26:18","modified_gmt":"2022-01-25T11:26:18","slug":"discernere","status":"publish","type":"page","link":"https:\/\/www.diocesi.brescia.it\/societa\/discernere\/","title":{"rendered":"Discernere"},"content":{"rendered":"<div id=\"pl-423\"  class=\"panel-layout\" ><div id=\"pg-423-0\"  class=\"panel-grid panel-has-style\" ><div class=\"row grid-x panel-row-style panel-row-style-for-423-0\" ><div id=\"pgc-423-0-0\"  class=\"panel-grid-cell cell columns small-12 medium-12\" ><div id=\"panel-423-0-0-0\" class=\"so-panel widget widget_sow-slider panel-first-child panel-last-child\" data-index=\"0\" ><div style=\";background-repeat:repeat;\" class=\"panel-widget-style panel-widget-style-for-423-0-0-0\" ><div\n\t\t\t\n\t\t\tclass=\"so-widget-sow-slider so-widget-sow-slider-default-6d39609536fd-423\"\n\t\t\t\n\t\t>\t\t\t\t<div class=\"sow-slider-base\" style=\"display: none\" tabindex=\"0\">\n\t\t\t\t\t<ul\n\t\t\t\t\tclass=\"sow-slider-images\"\n\t\t\t\t\tdata-settings=\"{&quot;pagination&quot;:true,&quot;speed&quot;:800,&quot;timeout&quot;:8000,&quot;paused&quot;:false,&quot;pause_on_hover&quot;:false,&quot;swipe&quot;:true,&quot;nav_always_show_desktop&quot;:&quot;&quot;,&quot;nav_always_show_mobile&quot;:&quot;&quot;,&quot;breakpoint&quot;:&quot;780px&quot;,&quot;unmute&quot;:false,&quot;anchor&quot;:null}\"\n\t\t\t\t\t\t\t\t\t\tdata-anchor-id=\"\"\n\t\t\t\t>\t\t<li class=\"sow-slider-image\" style=\"visibility: visible;\" >\n\t\t\t\t\t\t<img loading=\"lazy\" decoding=\"async\" width=\"1430\" height=\"500\" src=\"https:\/\/www.diocesi.brescia.it\/societa\/wp-content\/uploads\/sites\/4\/2021\/09\/header_PANE-DI-LUCE.jpg\" class=\"sow-slider-background-image\" alt=\"\" style=\"\" srcset=\"https:\/\/www.diocesi.brescia.it\/societa\/wp-content\/uploads\/sites\/4\/2021\/09\/header_PANE-DI-LUCE.jpg 1430w, https:\/\/www.diocesi.brescia.it\/societa\/wp-content\/uploads\/sites\/4\/2021\/09\/header_PANE-DI-LUCE-300x105.jpg 300w, https:\/\/www.diocesi.brescia.it\/societa\/wp-content\/uploads\/sites\/4\/2021\/09\/header_PANE-DI-LUCE-1024x358.jpg 1024w, https:\/\/www.diocesi.brescia.it\/societa\/wp-content\/uploads\/sites\/4\/2021\/09\/header_PANE-DI-LUCE-768x269.jpg 768w, https:\/\/www.diocesi.brescia.it\/societa\/wp-content\/uploads\/sites\/4\/2021\/09\/header_PANE-DI-LUCE-600x210.jpg 600w, https:\/\/www.diocesi.brescia.it\/societa\/wp-content\/uploads\/sites\/4\/2021\/09\/header_PANE-DI-LUCE-1200x420.jpg 1200w, https:\/\/www.diocesi.brescia.it\/societa\/wp-content\/uploads\/sites\/4\/2021\/09\/header_PANE-DI-LUCE-800x280.jpg 800w\" sizes=\"(max-width: 1430px) 100vw, 1430px\" \/>\t\t<\/li>\n\t\t<\/ul>\t\t\t\t<ol class=\"sow-slider-pagination\">\n\t\t\t\t\t\t\t\t\t\t\t<li><a href=\"#\" data-goto=\"0\" aria-label=\"display slide 1\"><\/a><\/li>\n\t\t\t\t\t\t\t\t\t<\/ol>\n\n\t\t\t\t<div class=\"sow-slide-nav sow-slide-nav-next\">\n\t\t\t\t\t<a href=\"#\" data-goto=\"next\" aria-label=\"next slide\" data-action=\"next\">\n\t\t\t\t\t\t<em class=\"sow-sld-icon-thin-right\"><\/em>\n\t\t\t\t\t<\/a>\n\t\t\t\t<\/div>\n\n\t\t\t\t<div class=\"sow-slide-nav sow-slide-nav-prev\">\n\t\t\t\t\t<a href=\"#\" data-goto=\"previous\" aria-label=\"previous slide\" data-action=\"prev\">\n\t\t\t\t\t\t<em class=\"sow-sld-icon-thin-left\"><\/em>\n\t\t\t\t\t<\/a>\n\t\t\t\t<\/div>\n\t\t\t\t<\/div><\/div><\/div><\/div><\/div><\/div><\/div><div id=\"pg-423-1\"  class=\"panel-grid panel-has-style\" ><div class=\"row grid-x panel-row-style panel-row-style-for-423-1\" ><div id=\"pgc-423-1-0\"  class=\"panel-grid-cell cell columns small-12 medium-12\" ><div id=\"panel-423-1-0-0\" class=\"so-panel widget widget_text panel-first-child panel-last-child\" data-index=\"1\" ><div style=\";background-repeat:repeat;\" class=\"panel-widget-style panel-widget-style-for-423-1-0-0\" ><h3 class=\"widget-title\">Discernere<\/h3>\t\t\t<div class=\"textwidget\"><p>&#8220;Nei quattro decenni trascorsi, avete potuto approfondire, sperimentare e attuare un metodo di lavoro basato su tre attenzioni tra loro correlate e sinergiche: ascoltare, osservare, discernere, mettendolo al servizio della vostra missione: l\u2019animazione caritativa dentro le comunit\u00e0 e nei territori. Si tratta di uno stile che rende possibile agire pastoralmente, ma anche perseguire un dialogo profondo e proficuo con i vari ambiti della vita ecclesiale, con le associazioni, i movimenti e con il variegato mondo del volontariato organizzato.&#8221; [Benedetto XVI, 24 novembre 2011].<\/p>\n<p>L\u2019impegno a riscoprire e a richiamare l\u2019attenzione sulla scelta pastorale delle relazioni e l\u2019animazione caritativa dentro le comunit\u00e0 e i territori si fa sentiero in particolare attraverso l\u2019accompagnamento formativo proposto alle parrocchie e alle Caritas.<\/p>\n<p>&nbsp;<\/p>\n<h4>50perTRE. Carit\u00e0 incipienti<\/h4>\n<p>\u201c50perTRE: 50, il compleanno di Caritas; TRE, tre vie, tre carit\u00e0; INSIEME PER, la convocazione del 16 ottobre 2021. E CARIT\u00c0 INCIPIENTI. Chi \u00e8 incipiente? Qual \u00e8 una fede incipiente? Siamo noi, sul punto di partenza, in stato di avanzamento, con buoni margini di miglioramento. Possiamo considerarci tutti, nel 2021, dopo 50 anni, un po\u2019 incipienti? Ancora <em>sul punto di partenza, in stato di avanzamento, con buoni margini di miglioramento<\/em>? S\u00ec!<br \/>\nL\u2019intenzione \u00e8 quella di attivare un percorso. E il percorso avr\u00e0 esattamente questo logo e questo titolo: da qui in poi, quando vedrete <a href=\"https:\/\/www.caritasbrescia.it\/in-evidenza\/50pertre-carita-incipienti\/\">50perTRE, INSIEME PER, CARIT\u00c0 INCIPIENTI<\/a>, vuol dire che siamo sul percorso. E voi direte: dove andiamo? Non so esattamente. Per\u00f2 cominciamo ad assumere l\u2019idea di trovare la nostra postura nella Chiesa, come credenti, come Chiesa. All\u2019interno di questa postura cerchiamo di ricollocarci come Caritas rispetto a un compito che ci viene confermato, ma un compito che dobbiamo elaborare relativamente alla sua attuazione.\u201d<br \/>\n(Don Maurizio Rinaldi, 16 ottobre 2021)<\/p>\n<p>&nbsp;<\/p>\n<h4>Convegno delle Caritas Parrocchiali<\/h4>\n<p>ll Convegno Diocesano delle Caritas Parrocchiali si configura come un appuntamento annuale di riflessione e di condivisione, che fa assaporare il \u201cbello\u201d del re-incontrarsi, per avvalorare e rinnovare l\u2019esperienza quotidiana degli uomini e delle donne della carit\u00e0. L\u2019annuale appuntamento delle Caritas parrocchiali intende infatti mettere l\u2019accento sulla fedelt\u00e0 al mandato di Paolo VI, che nel 1972 istitu\u00ec Caritas Italiana, evidenziando come la carit\u00e0 non sia l\u2019opera dei giorni festivi, bens\u00ec l\u2019opera di ogni giorno. <a href=\"https:\/\/www.caritasbrescia.it\/category\/archivio-iniziative\/convegno-diocesano-caritas-parrocchiali\/\">A questa pagina<\/a> l&#8217;archivio di tutte le edizioni passate.<\/p>\n<p>&nbsp;<\/p>\n<h4>Proposte formative Area per la Societ\u00e0<\/h4>\n<p>\u201cDare forma al pensiero\u201d \u00e8 il titolo delle proposte formative della Diocesi di Brescia per l\u2019anno pastorale 2021\/2022. Le Aree e gli Uffici di Pastorale della Diocesi si impegnano a favorire e organizzare una proposta formativa a beneficio delle parrocchie, delle Unit\u00e0 e Zone pastorali, dei gruppi, delle associazioni e dei singoli operatori pastorali.<br \/>\nLe proposte formative dell\u2019Area per la Societ\u00e0 possono essere consultate <a href=\"http:\/\/www.diocesi.brescia.it\/formazione\/\">a questa pagina<\/a>. Per informazioni e richieste contattare Caritas Diocesana di Brescia (tel. 030 3757746 \u2013 <a href=\"mailto:caritas@caritasbrescia.it\">caritas@caritasbrescia.it<\/a>).<\/p>\n<\/div>\n\t\t<\/div><\/div><\/div><\/div><\/div><\/div>","protected":false},"excerpt":{"rendered":"<p>&#8220;Nei quattro decenni trascorsi, avete potuto approfondire, sperimentare e attuare un metodo di lavoro basato su tre attenzioni tra loro correlate e sinergiche: ascoltare, osservare, discernere, mettendolo al servizio della vostra missione: l\u2019animazione caritativa dentro le comunit\u00e0 e nei territori. Si tratta di uno stile che rende possibile agire pastoralmente, ma anche perseguire un dialogo profondo e proficuo con i vari ambiti della vita ecclesiale, &hellip; <a href=\"https:\/\/www.diocesi.brescia.it\/societa\/discernere\/\" class=\"more-link\">Continua a leggere <span class=\"screen-reader-text\"><\/span> <span class=\"meta-nav\">&raquo;<\/span><\/a><\/p>\n","protected":false},"author":0,"featured_media":0,"parent":0,"menu_order":0,"comment_status":"closed","ping_status":"closed","template":"","meta":{"_acf_changed":false,"footnotes":""},"acf":[],"yoast_head":"<!-- This site is optimized with the Yoast SEO plugin v22.3 - https:\/\/yoast.com\/wordpress\/plugins\/seo\/ -->\n<title>Discernere - Pastorale per la Societ\u00e0<\/title>\n<meta name=\"robots\" content=\"index, follow, max-snippet:-1, max-image-preview:large, max-video-preview:-1\" \/>\n<link rel=\"canonical\" href=\"https:\/\/www.diocesi.brescia.it\/societa\/discernere\/\" \/>\n<meta property=\"og:locale\" content=\"it_IT\" \/>\n<meta property=\"og:type\" content=\"article\" \/>\n<meta property=\"og:title\" content=\"Discernere - Pastorale per la Societ\u00e0\" \/>\n<meta property=\"og:description\" content=\"&quot;Nei quattro decenni trascorsi, avete potuto approfondire, sperimentare e attuare un metodo di lavoro basato su tre attenzioni tra loro correlate e sinergiche: ascoltare, osservare, discernere, mettendolo al servizio della vostra missione: l\u2019animazione caritativa dentro le comunit\u00e0 e nei territori. Si tratta di uno stile che rende possibile agire pastoralmente, ma anche perseguire un dialogo profondo e proficuo con i vari ambiti della vita ecclesiale, &hellip; Continua a leggere &raquo;\" \/>\n<meta property=\"og:url\" content=\"https:\/\/www.diocesi.brescia.it\/societa\/discernere\/\" \/>\n<meta property=\"og:site_name\" content=\"Pastorale per la Societ\u00e0\" \/>\n<meta property=\"article:modified_time\" content=\"2022-01-25T11:26:18+00:00\" \/>\n<meta name=\"twitter:card\" content=\"summary_large_image\" \/>\n<meta name=\"twitter:label1\" content=\"Tempo di lettura stimato\" \/>\n\t<meta name=\"twitter:data1\" content=\"2 minuti\" \/>\n<script type=\"application\/ld+json\" class=\"yoast-schema-graph\">{\"@context\":\"https:\/\/schema.org\",\"@graph\":[{\"@type\":\"WebPage\",\"@id\":\"https:\/\/www.diocesi.brescia.it\/societa\/discernere\/\",\"url\":\"https:\/\/www.diocesi.brescia.it\/societa\/discernere\/\",\"name\":\"Discernere - Pastorale per la Societ\u00e0\",\"isPartOf\":{\"@id\":\"https:\/\/www.diocesi.brescia.it\/societa\/#website\"},\"datePublished\":\"2021-09-27T07:48:33+00:00\",\"dateModified\":\"2022-01-25T11:26:18+00:00\",\"breadcrumb\":{\"@id\":\"https:\/\/www.diocesi.brescia.it\/societa\/discernere\/#breadcrumb\"},\"inLanguage\":\"it-IT\",\"potentialAction\":[{\"@type\":\"ReadAction\",\"target\":[\"https:\/\/www.diocesi.brescia.it\/societa\/discernere\/\"]}]},{\"@type\":\"BreadcrumbList\",\"@id\":\"https:\/\/www.diocesi.brescia.it\/societa\/discernere\/#breadcrumb\",\"itemListElement\":[{\"@type\":\"ListItem\",\"position\":1,\"name\":\"Pastorale per la Societ\u00e0\",\"item\":\"https:\/\/www.diocesi.brescia.it\/societa\/\"},{\"@type\":\"ListItem\",\"position\":2,\"name\":\"Discernere\"}]},{\"@type\":\"WebSite\",\"@id\":\"https:\/\/www.diocesi.brescia.it\/societa\/#website\",\"url\":\"https:\/\/www.diocesi.brescia.it\/societa\/\",\"name\":\"Pastorale per la Societ\u00e0\",\"description\":\"\",\"publisher\":{\"@id\":\"https:\/\/www.diocesi.brescia.it\/societa\/#organization\"},\"potentialAction\":[{\"@type\":\"SearchAction\",\"target\":{\"@type\":\"EntryPoint\",\"urlTemplate\":\"https:\/\/www.diocesi.brescia.it\/societa\/?s={search_term_string}\"},\"query-input\":\"required name=search_term_string\"}],\"inLanguage\":\"it-IT\"},{\"@type\":\"Organization\",\"@id\":\"https:\/\/www.diocesi.brescia.it\/societa\/#organization\",\"name\":\"Pastorale per la Societ\u00e0\",\"url\":\"https:\/\/www.diocesi.brescia.it\/societa\/\",\"logo\":{\"@type\":\"ImageObject\",\"inLanguage\":\"it-IT\",\"@id\":\"https:\/\/www.diocesi.brescia.it\/societa\/#\/schema\/logo\/image\/\",\"url\":\"https:\/\/www.diocesi.brescia.it\/societa\/wp-content\/uploads\/sites\/4\/2025\/09\/cropped-cropped-logo-1-societa-HEADER.jpg\",\"contentUrl\":\"https:\/\/www.diocesi.brescia.it\/societa\/wp-content\/uploads\/sites\/4\/2025\/09\/cropped-cropped-logo-1-societa-HEADER.jpg\",\"width\":519,\"height\":105,\"caption\":\"Pastorale per la Societ\u00e0\"},\"image\":{\"@id\":\"https:\/\/www.diocesi.brescia.it\/societa\/#\/schema\/logo\/image\/\"}}]}<\/script>\n<!-- \/ Yoast SEO plugin. -->","yoast_head_json":{"title":"Discernere - Pastorale per la Societ\u00e0","robots":{"index":"index","follow":"follow","max-snippet":"max-snippet:-1","max-image-preview":"max-image-preview:large","max-video-preview":"max-video-preview:-1"},"canonical":"https:\/\/www.diocesi.brescia.it\/societa\/discernere\/","og_locale":"it_IT","og_type":"article","og_title":"Discernere - Pastorale per la Societ\u00e0","og_description":"\"Nei quattro decenni trascorsi, avete potuto approfondire, sperimentare e attuare un metodo di lavoro basato su tre attenzioni tra loro correlate e sinergiche: ascoltare, osservare, discernere, mettendolo al servizio della vostra missione: l\u2019animazione caritativa dentro le comunit\u00e0 e nei territori. Si tratta di uno stile che rende possibile agire pastoralmente, ma anche perseguire un dialogo profondo e proficuo con i vari ambiti della vita ecclesiale, &hellip; Continua a leggere &raquo;","og_url":"https:\/\/www.diocesi.brescia.it\/societa\/discernere\/","og_site_name":"Pastorale per la Societ\u00e0","article_modified_time":"2022-01-25T11:26:18+00:00","twitter_card":"summary_large_image","twitter_misc":{"Tempo di lettura stimato":"2 minuti"},"schema":{"@context":"https:\/\/schema.org","@graph":[{"@type":"WebPage","@id":"https:\/\/www.diocesi.brescia.it\/societa\/discernere\/","url":"https:\/\/www.diocesi.brescia.it\/societa\/discernere\/","name":"Discernere - Pastorale per la Societ\u00e0","isPartOf":{"@id":"https:\/\/www.diocesi.brescia.it\/societa\/#website"},"datePublished":"2021-09-27T07:48:33+00:00","dateModified":"2022-01-25T11:26:18+00:00","breadcrumb":{"@id":"https:\/\/www.diocesi.brescia.it\/societa\/discernere\/#breadcrumb"},"inLanguage":"it-IT","potentialAction":[{"@type":"ReadAction","target":["https:\/\/www.diocesi.brescia.it\/societa\/discernere\/"]}]},{"@type":"BreadcrumbList","@id":"https:\/\/www.diocesi.brescia.it\/societa\/discernere\/#breadcrumb","itemListElement":[{"@type":"ListItem","position":1,"name":"Pastorale per la Societ\u00e0","item":"https:\/\/www.diocesi.brescia.it\/societa\/"},{"@type":"ListItem","position":2,"name":"Discernere"}]},{"@type":"WebSite","@id":"https:\/\/www.diocesi.brescia.it\/societa\/#website","url":"https:\/\/www.diocesi.brescia.it\/societa\/","name":"Pastorale per la Societ\u00e0","description":"","publisher":{"@id":"https:\/\/www.diocesi.brescia.it\/societa\/#organization"},"potentialAction":[{"@type":"SearchAction","target":{"@type":"EntryPoint","urlTemplate":"https:\/\/www.diocesi.brescia.it\/societa\/?s={search_term_string}"},"query-input":"required name=search_term_string"}],"inLanguage":"it-IT"},{"@type":"Organization","@id":"https:\/\/www.diocesi.brescia.it\/societa\/#organization","name":"Pastorale per la Societ\u00e0","url":"https:\/\/www.diocesi.brescia.it\/societa\/","logo":{"@type":"ImageObject","inLanguage":"it-IT","@id":"https:\/\/www.diocesi.brescia.it\/societa\/#\/schema\/logo\/image\/","url":"https:\/\/www.diocesi.brescia.it\/societa\/wp-content\/uploads\/sites\/4\/2025\/09\/cropped-cropped-logo-1-societa-HEADER.jpg","contentUrl":"https:\/\/www.diocesi.brescia.it\/societa\/wp-content\/uploads\/sites\/4\/2025\/09\/cropped-cropped-logo-1-societa-HEADER.jpg","width":519,"height":105,"caption":"Pastorale per la Societ\u00e0"},"image":{"@id":"https:\/\/www.diocesi.brescia.it\/societa\/#\/schema\/logo\/image\/"}}]}},"_links":{"self":[{"href":"https:\/\/www.diocesi.brescia.it\/societa\/wp-json\/wp\/v2\/pages\/423"}],"collection":[{"href":"https:\/\/www.diocesi.brescia.it\/societa\/wp-json\/wp\/v2\/pages"}],"about":[{"href":"https:\/\/www.diocesi.brescia.it\/societa\/wp-json\/wp\/v2\/types\/page"}],"author":[{"embeddable":true,"href":"https:\/\/www.diocesi.brescia.it\/societa\/wp-json\/wp\/v2\/users\/11"}],"replies":[{"embeddable":true,"href":"https:\/\/www.diocesi.brescia.it\/societa\/wp-json\/wp\/v2\/comments?post=423"}],"version-history":[{"count":8,"href":"https:\/\/www.diocesi.brescia.it\/societa\/wp-json\/wp\/v2\/pages\/423\/revisions"}],"predecessor-version":[{"id":878,"href":"https:\/\/www.diocesi.brescia.it\/societa\/wp-json\/wp\/v2\/pages\/423\/revisions\/878"}],"wp:attachment":[{"href":"https:\/\/www.diocesi.brescia.it\/societa\/wp-json\/wp\/v2\/media?parent=423"}],"curies":[{"name":"wp","href":"https:\/\/api.w.org\/{rel}","templated":true}]}}